{"id":37,"date":"2017-03-17T13:42:40","date_gmt":"2017-03-17T12:42:40","guid":{"rendered":"http:\/\/aspv-veules.fr\/?page_id=37"},"modified":"2024-11-16T16:39:46","modified_gmt":"2024-11-16T15:39:46","slug":"contact","status":"publish","type":"page","link":"https:\/\/aspv-veules.fr\/?page_id=37","title":{"rendered":"Contact"},"content":{"rendered":"<h1 style=\"text-align: center;\"><strong>Pour nous contacter : <\/strong><\/h1>\n<h1 style=\"text-align: center;\"><strong>message \u00e0 : <\/strong><strong>postmaster@aspv-veules.fr<\/strong><\/h1>\n<h1>\u00a0<strong>courrier au 10, r\u00e9sidence du val 76980 Veules-les-Roses<\/strong><\/h1>\n<h1 style=\"text-align: center;\"><strong>Nous vous r\u00e9pondrons d\u00e8s que possible.<\/strong><\/h1>\n<p>&nbsp;<\/p>\n","protected":false},"excerpt":{"rendered":"<p>Pour nous contacter : message \u00e0 : postmaster@aspv-veules.fr \u00a0courrier au 10, r\u00e9sidence du val 76980 Veules-les-Roses Nous vous r\u00e9pondrons d\u00e8s que possible. &nbsp;<\/p>\n","protected":false},"author":1,"featured_media":0,"parent":0,"menu_order":0,"comment_status":"closed","ping_status":"closed","template":"","meta":{"footnotes":""},"_links":{"self":[{"href":"https:\/\/aspv-veules.fr\/index.php?rest_route=\/wp\/v2\/pages\/37"}],"collection":[{"href":"https:\/\/aspv-veules.fr\/index.php?rest_route=\/wp\/v2\/pages"}],"about":[{"href":"https:\/\/aspv-veules.fr\/index.php?rest_route=\/wp\/v2\/types\/page"}],"author":[{"embeddable":true,"href":"https:\/\/aspv-veules.fr\/index.php?rest_route=\/wp\/v2\/users\/1"}],"replies":[{"embeddable":true,"href":"https:\/\/aspv-veules.fr\/index.php?rest_route=%2Fwp%2Fv2%2Fcomments&post=37"}],"version-history":[{"count":5,"href":"https:\/\/aspv-veules.fr\/index.php?rest_route=\/wp\/v2\/pages\/37\/revisions"}],"predecessor-version":[{"id":825,"href":"https:\/\/aspv-veules.fr\/index.php?rest_route=\/wp\/v2\/pages\/37\/revisions\/825"}],"wp:attachment":[{"href":"https:\/\/aspv-veules.fr\/index.php?rest_route=%2Fwp%2Fv2%2Fmedia&parent=37"}],"curies":[{"name":"wp","href":"https:\/\/api.w.org\/{rel}","templated":true}]}}