{"id":70,"date":"2023-11-17T09:00:00","date_gmt":"2023-11-17T08:00:00","guid":{"rendered":"http:\/\/aspv-veules.fr\/?page_id=70"},"modified":"2024-10-29T19:29:39","modified_gmt":"2024-10-29T18:29:39","slug":"qui-sommes-nous","status":"publish","type":"page","link":"https:\/\/aspv-veules.fr\/?page_id=70","title":{"rendered":"R\u00f4le de l&#8217;Association"},"content":{"rendered":"\n<p>Le village de Veules-les-Roses est aujourd\u2019hui reconnu pour deux raisons&nbsp;principales : sa situation baln\u00e9aire, avec sa plage, et la richesse et la vari\u00e9t\u00e9 de son patrimoine b\u00e2ti et v\u00e9g\u00e9tal, fruit de son histoire. Aussi, notre association se doit-elle d\u2019y \u00eatre attentive et de veiller \u00e0 ces deux aspects si nous souhaitons qu\u2019ils perdurent, que les touristes continuent de venir dans notre commune de mani\u00e8re raisonnable et contr\u00f4l\u00e9e et que notre village reste vivant pour ses habitants et ses r\u00e9sidents r\u00e9guliers en termes notamment de commerces, de restaurants, de cin\u00e9ma, de librairie, etc&#8230;<\/p>\n\n\n\n<p>De m\u00eame, l\u2019agr\u00e9ment pour l\u2019urbanisme (voir ci-dessous) nous permet d\u2019intervenir dans ce champ associ\u00e9 au patrimoine.<\/p>\n\n\n\n<ol>\n<li><strong>Faire connaitre le patrimoine de Veules-les-Roses et de ses environs<\/strong><\/li>\n<\/ol>\n\n\n\n<p>Faire connaitre aux \u00e9lus comme aux habitants et r\u00e9sidents de Veules la nature et les caract\u00e9ristiques de son patrimoine b\u00e2ti et v\u00e9g\u00e9tal est le meilleur vecteur d\u2019appropriation de celui-ci tant par l\u2019ensemble des conseillers municipaux que par les propri\u00e9taires et les locataires, qui sont en premi\u00e8re ligne pour sa pr\u00e9servation.<\/p>\n\n\n\n<ul>\n<li><strong>Sensibiliser<\/strong>: Organiser des actions pour permettre \u00e0 chacun de connaitre l\u2019environnement dans lequel il vit et son caract\u00e8re particulier et parfois exceptionnel. Conf\u00e9rences, livres, fascicules, livrets, visites, etc. en sont des outils indispensables.<\/li>\n\n\n\n<li><strong>Elargir<\/strong>: Ces actions ne doivent pas se limiter au seul p\u00e9rim\u00e8tre de notre commune mais s\u2018\u00e9largir aux villages environnants avec une attention particuli\u00e8re pour Blosseville, Sotteville-sur-Mer, la Chapelle-sur-Dun et Manneville-\u00e8s-Plains. Promouvoir entre associations patrimoniales concern\u00e9es nos actions respectives, comme travailler ponctuellement sur certains sujets ou dans le cadre d\u2019actions collectives ne peut \u00eatre en effet qu\u2019un atout pour elles comme pour nous.<\/li>\n\n\n\n<li><strong>Tisser une relation\u00a0de confiance <\/strong>: Ces actions passent aussi par l\u2019\u00e9tablissement d\u2019une telle relation avec les administrations municipales, d\u00e9partementales, r\u00e9gionales et nationales int\u00e9ress\u00e9es afin d\u2019\u00eatre identifi\u00e9s comme une association comp\u00e9tente et responsable.<\/li>\n<\/ul>\n\n\n\n<ol start=\"2\">\n<li><strong>Participer \u00e0 la sauvegarde et \u00e0 la pr\u00e9servation de ce patrimoine<\/strong><\/li>\n<\/ol>\n\n\n\n<p>Si faire connaitre ce patrimoine est notre premi\u00e8re mission, notre r\u00f4le est \u00e9galement de mettre notre savoir au service de sa sauvegarde et de sa pr\u00e9servation.<\/p>\n\n\n\n<ul>\n<li><strong>Participer\u00a0: <\/strong>Nous devons mettre nos connaissances \u00e0 disposition des \u00e9lus en apportant notre \u00e9clairage, en amont, aux r\u00e9flexions qui sont men\u00e9es sur le village.<\/li>\n\n\n\n<li><strong>Conseiller\u00a0:<\/strong> Nous devons \u00eatre \u00e0 m\u00eame de conseiller les propri\u00e9taires qui souhaitent r\u00e9habiliter un patrimoine tant sur la m\u00e9thode (livret(s) de bonnes pratiques, etc.) que sur les aides dont ils pourraient b\u00e9n\u00e9ficier (Fondation du patrimoine, etc.).<\/li>\n<\/ul>\n\n\n\n<ol start=\"3\">\n<li><strong>\u00catre vigilant en la mati\u00e8re<\/strong><\/li>\n<\/ol>\n\n\n\n<p>Bien entendu il ne peut y avoir de pr\u00e9servation sans action si l\u2019\u00e9change et les discussions n\u2019aboutissent pas ou si, n\u2019\u00e9tant pas inform\u00e9s, nous d\u00e9couvrons des d\u00e9marches n\u00e9fastes de notre point de vue pour le village.<\/p>\n\n\n\n<ul>\n<li><strong>Alerter<\/strong>: Il nous appartient d\u2019\u00eatre attentif \u00e0 ce qui se passe et de faire remonter les d\u00e9rives ou actions qui ne vont pas dans le sens d\u2019un respect des dispositions l\u00e9gislatives ou r\u00e8glementaires en vigueur dans ces domaines.<\/li>\n\n\n\n<li><strong>R\u00e9agir\u00a0<\/strong>: Nous devons au besoin intervenir et faire jouer les leviers ad\u00e9quats pour y pallier (\u00e9lus, Architecte des B\u00e2timents de France, Monuments Historiques, Pr\u00e9fet, etc.) et, si n\u00e9cessaire, intenter les actions opportunes y compris devant les juridictions comp\u00e9tentes.<\/li>\n<\/ul>\n\n\n\n<ol start=\"4\">\n<li><strong>Intervenir en mati\u00e8re d\u2019urbanisme<\/strong><\/li>\n<\/ol>\n\n\n\n<p>De par l\u2019agr\u00e9ment de l\u2019association, notre r\u00f4le compl\u00e9mentaire doit \u00eatre pris en compte.<\/p>\n\n\n\n<ul>\n<li><strong>Veiller<\/strong>: Il nous incombe d\u2019\u00eatre vigilant sur les projets d\u2019am\u00e9nagement que la municipalit\u00e9 envisage sur le village et, autant que possible, d\u2019intervenir au niveau des r\u00e9flexions en amont ou de faire amender ce qui nous parait devoir l\u2019\u00eatre.<\/li>\n\n\n\n<li><strong>Intervenir\u00a0<\/strong>: Nous avons, au besoin, \u00e0 agir aupr\u00e8s des autorit\u00e9s comp\u00e9tentes (pr\u00e9fecture, organismes publics concern\u00e9s) ou des juridictions concern\u00e9es afin de faire entendre notre point de vue si des erreurs nous semblent commises.<\/li>\n<\/ul>\n\n\n\n<figure class=\"wp-block-image\"><a href=\"http:\/\/aspv-veules.fr\/?attachment_id=117\" rel=\"attachment wp-att-117\"><img loading=\"lazy\" decoding=\"async\" width=\"300\" height=\"186\" src=\"http:\/\/aspv-veules.fr\/wp-content\/uploads\/2017\/03\/veules-esplanadeducasino-300x186.jpg\" alt=\"\" class=\"wp-image-117\" srcset=\"https:\/\/aspv-veules.fr\/wp-content\/uploads\/2017\/03\/veules-esplanadeducasino-300x186.jpg 300w, https:\/\/aspv-veules.fr\/wp-content\/uploads\/2017\/03\/veules-esplanadeducasino-768x477.jpg 768w, https:\/\/aspv-veules.fr\/wp-content\/uploads\/2017\/03\/veules-esplanadeducasino-1024x636.jpg 1024w, https:\/\/aspv-veules.fr\/wp-content\/uploads\/2017\/03\/veules-esplanadeducasino.jpg 1095w\" sizes=\"(max-width: 300px) 100vw, 300px\" \/><\/a><\/figure>\n\n\n\n<figure class=\"wp-block-image\"><a href=\"http:\/\/aspv-veules.fr\/?attachment_id=117\" rel=\"attachment wp-att-117\"><img loading=\"lazy\" decoding=\"async\" width=\"300\" height=\"186\" src=\"http:\/\/aspv-veules.fr\/wp-content\/uploads\/2017\/03\/veules-esplanadeducasino-300x186.jpg\" alt=\"\" class=\"wp-image-117\" srcset=\"https:\/\/aspv-veules.fr\/wp-content\/uploads\/2017\/03\/veules-esplanadeducasino-300x186.jpg 300w, https:\/\/aspv-veules.fr\/wp-content\/uploads\/2017\/03\/veules-esplanadeducasino-768x477.jpg 768w, https:\/\/aspv-veules.fr\/wp-content\/uploads\/2017\/03\/veules-esplanadeducasino-1024x636.jpg 1024w, https:\/\/aspv-veules.fr\/wp-content\/uploads\/2017\/03\/veules-esplanadeducasino.jpg 1095w\" sizes=\"(max-width: 300px) 100vw, 300px\" \/><\/a><\/figure>\n\n\n\n<figure class=\"wp-block-image\"><a href=\"http:\/\/aspv-veules.fr\/?attachment_id=116\" rel=\"attachment wp-att-116\"><img loading=\"lazy\" decoding=\"async\" width=\"300\" height=\"194\" src=\"http:\/\/aspv-veules.fr\/wp-content\/uploads\/2017\/03\/veules-debut-XX-vuegenerale-300x194.jpg\" alt=\"\" class=\"wp-image-116\" srcset=\"https:\/\/aspv-veules.fr\/wp-content\/uploads\/2017\/03\/veules-debut-XX-vuegenerale-300x194.jpg 300w, https:\/\/aspv-veules.fr\/wp-content\/uploads\/2017\/03\/veules-debut-XX-vuegenerale-768x496.jpg 768w, https:\/\/aspv-veules.fr\/wp-content\/uploads\/2017\/03\/veules-debut-XX-vuegenerale-1024x661.jpg 1024w, https:\/\/aspv-veules.fr\/wp-content\/uploads\/2017\/03\/veules-debut-XX-vuegenerale.jpg 1100w\" sizes=\"(max-width: 300px) 100vw, 300px\" \/><\/a><\/figure>\n\n\n\n<div data-wp-interactive=\"core\/file\" class=\"wp-block-file\"><object data-wp-bind--hidden=\"!state.hasPdfPreview\"  class=\"wp-block-file__embed\" data=\"http:\/\/aspv-veules.fr\/wp-content\/uploads\/2024\/10\/2007-06-15_Prefecture-Seine-Maritime_Agreement-pour-lUrbanisme.pdf\" type=\"application\/pdf\" style=\"width:100%;height:600px\" aria-label=\"Embed of 2007-06-15_Prefecture Seine-Maritime_Agr\u00e9ement pour l'Urbanisme.\"><\/object><a id=\"wp-block-file--media-6321c00a-aeee-4c1c-9efe-42c545b1adc2\" href=\"http:\/\/aspv-veules.fr\/wp-content\/uploads\/2024\/10\/2007-06-15_Prefecture-Seine-Maritime_Agreement-pour-lUrbanisme.pdf\">2007-06-15_Prefecture Seine-Maritime_Agr\u00e9ement pour l&#8217;Urbanisme<\/a><a href=\"http:\/\/aspv-veules.fr\/wp-content\/uploads\/2024\/10\/2007-06-15_Prefecture-Seine-Maritime_Agreement-pour-lUrbanisme.pdf\" class=\"wp-block-file__button wp-element-button\" download aria-describedby=\"wp-block-file--media-6321c00a-aeee-4c1c-9efe-42c545b1adc2\">Download<\/a><\/div>\n","protected":false},"excerpt":{"rendered":"<p>Le village de Veules-les-Roses est aujourd\u2019hui reconnu pour deux raisons&nbsp;principales : sa situation baln\u00e9aire, avec sa plage, et la richesse et la vari\u00e9t\u00e9 de son patrimoine b\u00e2ti et v\u00e9g\u00e9tal, fruit de son histoire. Aussi, notre association se doit-elle d\u2019y \u00eatre attentive et de veiller \u00e0 ces deux aspects si nous souhaitons qu\u2019ils perdurent, que les &hellip; <\/p>\n<p class=\"link-more\"><a href=\"https:\/\/aspv-veules.fr\/?page_id=70\" class=\"more-link\">Continue reading<span class=\"screen-reader-text\"> &#8220;R\u00f4le de l&#8217;Association&#8221;<\/span><\/a><\/p>\n","protected":false},"author":1,"featured_media":0,"parent":0,"menu_order":2,"comment_status":"closed","ping_status":"closed","template":"","meta":{"footnotes":""},"_links":{"self":[{"href":"https:\/\/aspv-veules.fr\/index.php?rest_route=\/wp\/v2\/pages\/70"}],"collection":[{"href":"https:\/\/aspv-veules.fr\/index.php?rest_route=\/wp\/v2\/pages"}],"about":[{"href":"https:\/\/aspv-veules.fr\/index.php?rest_route=\/wp\/v2\/types\/page"}],"author":[{"embeddable":true,"href":"https:\/\/aspv-veules.fr\/index.php?rest_route=\/wp\/v2\/users\/1"}],"replies":[{"embeddable":true,"href":"https:\/\/aspv-veules.fr\/index.php?rest_route=%2Fwp%2Fv2%2Fcomments&post=70"}],"version-history":[{"count":10,"href":"https:\/\/aspv-veules.fr\/index.php?rest_route=\/wp\/v2\/pages\/70\/revisions"}],"predecessor-version":[{"id":820,"href":"https:\/\/aspv-veules.fr\/index.php?rest_route=\/wp\/v2\/pages\/70\/revisions\/820"}],"wp:attachment":[{"href":"https:\/\/aspv-veules.fr\/index.php?rest_route=%2Fwp%2Fv2%2Fmedia&parent=70"}],"curies":[{"name":"wp","href":"https:\/\/api.w.org\/{rel}","templated":true}]}}