{"id":84,"date":"2023-08-05T14:56:00","date_gmt":"2023-08-05T12:56:00","guid":{"rendered":"http:\/\/aspv-veules.fr\/?page_id=84"},"modified":"2026-01-15T19:21:27","modified_gmt":"2026-01-15T18:21:27","slug":"comment-adherer","status":"publish","type":"page","link":"https:\/\/aspv-veules.fr\/?page_id=84","title":{"rendered":"Comment Adh\u00e9rer  ?"},"content":{"rendered":"<h3><strong>2026 ASPV_Bulletin d&#8217;adhesion<\/strong><\/h3>\n<p>T\u00e9l\u00e9charger et imprimer ce formulaire pdf\u00a0 <a href=\"https:\/\/aspv-veules.fr\/?attachment_id=962\" rel=\"attachment wp-att-962\">2026 ASPV Bulletin Adh\u00e9sion<\/a><\/p>\n<p>Compl\u00e9ter le afin que nous puissions vous informer par courrier ou par mail<\/p>\n<p>Vous pouvez remplir ce document \u00e9lectroniquement et nous le retourner par mail \u00e0 l\u2019adresse suivante\u00a0: <a href=\"mailto:aspv2025@gmail.com\">aspv2025@gmail.com<\/a><\/p>\n<p>D\u00e9terminer votre cotisation selon votre choix<\/p>\n<ul>\n<li>20 \u20ac : membre actif individuel<\/li>\n<li>10 \u20ac : membre actif individuel\u00a0 (&lt; 35 ans)<\/li>\n<li>30 \u20ac : couple<\/li>\n<li>15 \u20ac : couple (dont un membre &lt;35 ans)<\/li>\n<li>50 \u20ac ou plus : membre bienfaiteur<\/li>\n<\/ul>\n<p>Merci de privil\u00e9gier le paiement par virement bancaire sur le compte de l\u2019association (en pr\u00e9cisant vos noms et pr\u00e9noms dans le libell\u00e9 du virement) :<br \/>\n<span style=\"color: #0000ff;\">IBAN FR76 1830 6000 8636 1063 3606 145<\/span><br \/>\nPaiement possible par ch\u00e8que \u00e0 l\u2019ordre de l\u2019ASPV, \u00e0 adresser au tr\u00e9sorier de l\u2019ASPV :<br \/>\nDaniel TASSE \u2013 10, r\u00e9sidence du Val &#8211; 76980 Veules-les-Roses<\/p>\n","protected":false},"excerpt":{"rendered":"<p>2026 ASPV_Bulletin d&#8217;adhesion T\u00e9l\u00e9charger et imprimer ce formulaire pdf\u00a0 2026 ASPV Bulletin Adh\u00e9sion Compl\u00e9ter le afin que nous puissions vous informer par courrier ou par mail Vous pouvez remplir ce document \u00e9lectroniquement et nous le retourner par mail \u00e0 l\u2019adresse suivante\u00a0: aspv2025@gmail.com D\u00e9terminer votre cotisation selon votre choix 20 \u20ac : membre actif individuel 10 &hellip; <\/p>\n<p class=\"link-more\"><a href=\"https:\/\/aspv-veules.fr\/?page_id=84\" class=\"more-link\">Continue reading<span class=\"screen-reader-text\"> &#8220;Comment Adh\u00e9rer  ?&#8221;<\/span><\/a><\/p>\n","protected":false},"author":1,"featured_media":0,"parent":0,"menu_order":3,"comment_status":"closed","ping_status":"closed","template":"","meta":{"footnotes":""},"_links":{"self":[{"href":"https:\/\/aspv-veules.fr\/index.php?rest_route=\/wp\/v2\/pages\/84"}],"collection":[{"href":"https:\/\/aspv-veules.fr\/index.php?rest_route=\/wp\/v2\/pages"}],"about":[{"href":"https:\/\/aspv-veules.fr\/index.php?rest_route=\/wp\/v2\/types\/page"}],"author":[{"embeddable":true,"href":"https:\/\/aspv-veules.fr\/index.php?rest_route=\/wp\/v2\/users\/1"}],"replies":[{"embeddable":true,"href":"https:\/\/aspv-veules.fr\/index.php?rest_route=%2Fwp%2Fv2%2Fcomments&post=84"}],"version-history":[{"count":17,"href":"https:\/\/aspv-veules.fr\/index.php?rest_route=\/wp\/v2\/pages\/84\/revisions"}],"predecessor-version":[{"id":964,"href":"https:\/\/aspv-veules.fr\/index.php?rest_route=\/wp\/v2\/pages\/84\/revisions\/964"}],"wp:attachment":[{"href":"https:\/\/aspv-veules.fr\/index.php?rest_route=%2Fwp%2Fv2%2Fmedia&parent=84"}],"curies":[{"name":"wp","href":"https:\/\/api.w.org\/{rel}","templated":true}]}}